{"id":97,"date":"2025-02-06T18:35:22","date_gmt":"2025-02-06T18:35:22","guid":{"rendered":"https:\/\/rotariaweb.net\/community\/?page_id=97"},"modified":"2025-06-01T22:33:50","modified_gmt":"2025-06-01T22:33:50","slug":"a-1-dormitorio","status":"publish","type":"page","link":"https:\/\/rotariaweb.net\/community\/a-1-dormitorio\/","title":{"rendered":"A &#8211; 1 Dormitorio"},"content":{"rendered":"\t\t<div data-elementor-type=\"wp-page\" data-elementor-id=\"97\" class=\"elementor elementor-97\" data-elementor-post-type=\"page\">\n\t\t\t\t\t\t<section class=\"elementor-section elementor-top-section elementor-element elementor-element-59d0a45 elementor-section-boxed elementor-section-height-default elementor-section-height-default\" data-id=\"59d0a45\" data-element_type=\"section\" data-settings=\"{&quot;background_background&quot;:&quot;classic&quot;}\">\n\t\t\t\t\t\t\t<div class=\"elementor-background-overlay\"><\/div>\n\t\t\t\t\t\t\t<div class=\"elementor-container elementor-column-gap-default\">\n\t\t\t\t\t<div class=\"elementor-column elementor-col-50 elementor-top-column elementor-element elementor-element-42e8a18e\" data-id=\"42e8a18e\" data-element_type=\"column\">\n\t\t\t<div class=\"elementor-widget-wrap elementor-element-populated\">\n\t\t\t\t\t\t<div class=\"elementor-element elementor-element-5527054e elementor-widget elementor-widget-heading\" data-id=\"5527054e\" data-element_type=\"widget\" data-widget_type=\"heading.default\">\n\t\t\t\t<div class=\"elementor-widget-container\">\n\t\t\t\t\t<h2 class=\"elementor-heading-title elementor-size-default\">Ideal para: Estudiantes, pareas, inversores<\/h2>\t\t\t\t<\/div>\n\t\t\t\t<\/div>\n\t\t\t\t<div class=\"elementor-element elementor-element-13c2b69c elementor-widget elementor-widget-heading\" data-id=\"13c2b69c\" data-element_type=\"widget\" data-widget_type=\"heading.default\">\n\t\t\t\t<div class=\"elementor-widget-container\">\n\t\t\t\t\t<h1 class=\"elementor-heading-title elementor-size-default\">Tipo A \u2013 1 Dormitorio<\/h1>\t\t\t\t<\/div>\n\t\t\t\t<\/div>\n\t\t\t\t<div class=\"elementor-element elementor-element-49f8d6fc elementor-widget elementor-widget-text-editor\" data-id=\"49f8d6fc\" data-element_type=\"widget\" data-widget_type=\"text-editor.default\">\n\t\t\t\t<div class=\"elementor-widget-container\">\n\t\t\t\t\t\t\t\t\t<p>El Modelo A de 1 dormitorio es perfecto para quienes buscan un equilibrio entre espacio, privacidad y funcionalidad.<\/p>\t\t\t\t\t\t\t\t<\/div>\n\t\t\t\t<\/div>\n\t\t\t\t\t<\/div>\n\t\t<\/div>\n\t\t\t\t<div class=\"elementor-column elementor-col-50 elementor-top-column elementor-element elementor-element-61aece28 elementor-hidden-tablet elementor-hidden-mobile\" data-id=\"61aece28\" data-element_type=\"column\">\n\t\t\t<div class=\"elementor-widget-wrap\">\n\t\t\t\t\t\t\t<\/div>\n\t\t<\/div>\n\t\t\t\t\t<\/div>\n\t\t<\/section>\n\t\t\t\t<section class=\"elementor-section elementor-top-section elementor-element elementor-element-1388a0cb elementor-section-boxed elementor-section-height-default elementor-section-height-default\" data-id=\"1388a0cb\" data-element_type=\"section\">\n\t\t\t\t\t\t<div class=\"elementor-container elementor-column-gap-no\">\n\t\t\t\t\t<div class=\"elementor-column elementor-col-100 elementor-top-column elementor-element elementor-element-66e52dc0\" data-id=\"66e52dc0\" data-element_type=\"column\">\n\t\t\t<div class=\"elementor-widget-wrap elementor-element-populated\">\n\t\t\t\t\t\t<section class=\"elementor-section elementor-inner-section elementor-element elementor-element-2e843e70 elementor-section-full_width elementor-section-height-default elementor-section-height-default\" data-id=\"2e843e70\" data-element_type=\"section\">\n\t\t\t\t\t\t<div class=\"elementor-container elementor-column-gap-default\">\n\t\t\t\t\t<div class=\"elementor-column elementor-col-50 elementor-inner-column elementor-element elementor-element-fb3ac38\" data-id=\"fb3ac38\" data-element_type=\"column\">\n\t\t\t<div class=\"elementor-widget-wrap elementor-element-populated\">\n\t\t\t\t\t\t<div class=\"elementor-element elementor-element-15dc4977 elementor-invisible elementor-widget elementor-widget-heading\" data-id=\"15dc4977\" data-element_type=\"widget\" data-settings=\"{&quot;_animation&quot;:&quot;fadeInUp&quot;}\" data-widget_type=\"heading.default\">\n\t\t\t\t<div class=\"elementor-widget-container\">\n\t\t\t\t\t<h2 class=\"elementor-heading-title elementor-size-default\">Interior<\/h2>\t\t\t\t<\/div>\n\t\t\t\t<\/div>\n\t\t\t\t<div class=\"elementor-element elementor-element-1c6c789 elementor-invisible elementor-widget elementor-widget-heading\" data-id=\"1c6c789\" data-element_type=\"widget\" data-settings=\"{&quot;_animation&quot;:&quot;fadeInUp&quot;,&quot;_animation_delay&quot;:200}\" data-widget_type=\"heading.default\">\n\t\t\t\t<div class=\"elementor-widget-container\">\n\t\t\t\t\t<h3 class=\"elementor-heading-title elementor-size-default\">Comodidad y espacios bien distribuidos<\/h3>\t\t\t\t<\/div>\n\t\t\t\t<\/div>\n\t\t\t\t<div class=\"elementor-element elementor-element-44d7ae49 elementor-widget elementor-widget-text-editor\" data-id=\"44d7ae49\" data-element_type=\"widget\" data-widget_type=\"text-editor.default\">\n\t\t\t\t<div class=\"elementor-widget-container\">\n\t\t\t\t\t\t\t\t\t<p>Con un dise\u00f1o m\u00e1s amplio que un monoambiente, este departamento cuenta con una c\u00f3moda cocina comedor, ideal para disfrutar de momentos especiales. Es una opci\u00f3n ideal para parejas, profesionales y quienes desean un hogar con mayor independencia sin renunciar a la comodidad. Sus espacios bien distribuidos y su dise\u00f1o moderno crean un ambiente acogedor y pr\u00e1ctico. Ya sea para vivir o invertir, este departamento es una oportunidad \u00fanica para disfrutar de calidad de vida.<\/p>\t\t\t\t\t\t\t\t<\/div>\n\t\t\t\t<\/div>\n\t\t\t\t\t<\/div>\n\t\t<\/div>\n\t\t\t\t<div class=\"elementor-column elementor-col-50 elementor-inner-column elementor-element elementor-element-770e5ce6\" data-id=\"770e5ce6\" data-element_type=\"column\">\n\t\t\t<div class=\"elementor-widget-wrap\">\n\t\t\t\t\t\t\t<\/div>\n\t\t<\/div>\n\t\t\t\t\t<\/div>\n\t\t<\/section>\n\t\t\t\t<section class=\"elementor-section elementor-inner-section elementor-element elementor-element-5e225c16 elementor-section-full_width elementor-section-height-min-height elementor-section-height-default\" data-id=\"5e225c16\" data-element_type=\"section\">\n\t\t\t\t\t\t<div class=\"elementor-container elementor-column-gap-default\">\n\t\t\t\t\t<div class=\"elementor-column elementor-col-100 elementor-inner-column elementor-element elementor-element-2815c571\" data-id=\"2815c571\" data-element_type=\"column\" data-settings=\"{&quot;background_background&quot;:&quot;classic&quot;}\">\n\t\t\t<div class=\"elementor-widget-wrap elementor-element-populated\">\n\t\t\t\t\t\t<div class=\"elementor-element elementor-element-5918682 elementor-widget elementor-widget-elementskit-video\" data-id=\"5918682\" data-element_type=\"widget\" data-widget_type=\"elementskit-video.default\">\n\t\t\t\t<div class=\"elementor-widget-container\">\n\t\t\t\t\t<div class=\"ekit-wid-con\" >\t\t<div class=\"video-content\" data-video-player=\"[]\" data-video-setting=\"{&quot;videoVolume&quot;:&quot;horizontal&quot;,&quot;startVolume&quot;:0.8,&quot;videoType&quot;:&quot;iframe&quot;,&quot;videoClass&quot;:&quot;mfp-fade&quot;}\">\n\t\t\t\n<a class=\"ekit_icon_button glow-btn ekit-video-popup ekit-video-popup-btn\" href=\"https:\/\/www.youtube.com\/embed\/zaUXtz8yFuM?feature=oembed?playlist=zaUXtz8yFuM&amp;mute=0&amp;autoplay=0&amp;loop=no&amp;controls=0&amp;start=0&amp;end=\" aria-label=\"video-popup\">\n\t\t\t\t<i aria-hidden=\"true\" class=\"icon icon-play-button\"><\/i>\t\t<\/a>\n\t\t\t\t\t<\/div>\n\t\t<\/div>\t\t\t\t<\/div>\n\t\t\t\t<\/div>\n\t\t\t\t\t<\/div>\n\t\t<\/div>\n\t\t\t\t\t<\/div>\n\t\t<\/section>\n\t\t\t\t\t<\/div>\n\t\t<\/div>\n\t\t\t\t\t<\/div>\n\t\t<\/section>\n\t\t\t\t<section class=\"elementor-section elementor-top-section elementor-element elementor-element-624c0b51 elementor-section-boxed elementor-section-height-default elementor-section-height-default\" data-id=\"624c0b51\" data-element_type=\"section\" data-settings=\"{&quot;background_background&quot;:&quot;classic&quot;}\">\n\t\t\t\t\t\t<div class=\"elementor-container elementor-column-gap-default\">\n\t\t\t\t\t<div class=\"elementor-column elementor-col-50 elementor-top-column elementor-element elementor-element-38434c70\" data-id=\"38434c70\" data-element_type=\"column\" data-settings=\"{&quot;background_background&quot;:&quot;classic&quot;}\">\n\t\t\t<div class=\"elementor-widget-wrap elementor-element-populated\">\n\t\t\t\t\t\t<div class=\"elementor-element elementor-element-415bec7a elementor-widget elementor-widget-spacer\" data-id=\"415bec7a\" data-element_type=\"widget\" data-widget_type=\"spacer.default\">\n\t\t\t\t<div class=\"elementor-widget-container\">\n\t\t\t\t\t\t\t<div class=\"elementor-spacer\">\n\t\t\t<div class=\"elementor-spacer-inner\"><\/div>\n\t\t<\/div>\n\t\t\t\t\t\t<\/div>\n\t\t\t\t<\/div>\n\t\t\t\t\t<\/div>\n\t\t<\/div>\n\t\t\t\t<div class=\"elementor-column elementor-col-50 elementor-top-column elementor-element elementor-element-43eaedc0\" data-id=\"43eaedc0\" data-element_type=\"column\">\n\t\t\t<div class=\"elementor-widget-wrap elementor-element-populated\">\n\t\t\t\t\t\t<div class=\"elementor-element elementor-element-134b508b elementor-invisible elementor-widget elementor-widget-heading\" data-id=\"134b508b\" data-element_type=\"widget\" data-settings=\"{&quot;_animation&quot;:&quot;fadeInUp&quot;}\" data-widget_type=\"heading.default\">\n\t\t\t\t<div class=\"elementor-widget-container\">\n\t\t\t\t\t<h2 class=\"elementor-heading-title elementor-size-default\">Informaci\u00f3n T\u00e9cnica<\/h2>\t\t\t\t<\/div>\n\t\t\t\t<\/div>\n\t\t\t\t<div class=\"elementor-element elementor-element-5cd42627 elementor-invisible elementor-widget elementor-widget-heading\" data-id=\"5cd42627\" data-element_type=\"widget\" data-settings=\"{&quot;_animation&quot;:&quot;fadeInUp&quot;,&quot;_animation_delay&quot;:200}\" data-widget_type=\"heading.default\">\n\t\t\t\t<div class=\"elementor-widget-container\">\n\t\t\t\t\t<h3 class=\"elementor-heading-title elementor-size-default\">\u00a1Descubre tu pr\u00f3ximo hogar hoy mismo!<\/h3>\t\t\t\t<\/div>\n\t\t\t\t<\/div>\n\t\t\t\t<div class=\"elementor-element elementor-element-3f25b31e elementor-widget elementor-widget-text-editor\" data-id=\"3f25b31e\" data-element_type=\"widget\" data-widget_type=\"text-editor.default\">\n\t\t\t\t<div class=\"elementor-widget-container\">\n\t\t\t\t\t\t\t\t\t<p>Superficie: 40 m2<\/p><p>Sala: 1<\/p><p>Dormitorios: 1<\/p><p>Ba\u00f1os: 1<\/p><p>Balc\u00f3n: 1<\/p><p>Cocina: Comedor<\/p><p>Ambientes: 1 Sala, 1 Ba\u00f1o, 1 Balc\u00f3n, 1 cocina b\u00e1sica compacta, 1 dormitorio<\/p><p>Ideal para: Estudiantes, parejas, profesionales e inversores<\/p><p>Disponibilidad: 1 por piso<\/p><p>Precio: desde USD 31.300<\/p>\t\t\t\t\t\t\t\t<\/div>\n\t\t\t\t<\/div>\n\t\t\t\t\t<\/div>\n\t\t<\/div>\n\t\t\t\t\t<\/div>\n\t\t<\/section>\n\t\t\t\t<section class=\"elementor-section elementor-top-section elementor-element elementor-element-2413ddf7 elementor-section-boxed elementor-section-height-default elementor-section-height-default\" data-id=\"2413ddf7\" data-element_type=\"section\">\n\t\t\t\t\t\t<div class=\"elementor-container elementor-column-gap-no\">\n\t\t\t\t\t<div class=\"elementor-column elementor-col-100 elementor-top-column elementor-element elementor-element-7aab8531\" data-id=\"7aab8531\" data-element_type=\"column\">\n\t\t\t<div class=\"elementor-widget-wrap elementor-element-populated\">\n\t\t\t\t\t\t<section class=\"elementor-section elementor-inner-section elementor-element elementor-element-7c10b429 elementor-section-boxed elementor-section-height-default elementor-section-height-default\" data-id=\"7c10b429\" data-element_type=\"section\">\n\t\t\t\t\t\t<div class=\"elementor-container elementor-column-gap-no\">\n\t\t\t\t\t<div class=\"elementor-column elementor-col-100 elementor-inner-column elementor-element elementor-element-4c7625f9\" data-id=\"4c7625f9\" data-element_type=\"column\">\n\t\t\t<div class=\"elementor-widget-wrap elementor-element-populated\">\n\t\t\t\t\t\t<div class=\"elementor-element elementor-element-3fef631 elementor-invisible elementor-widget elementor-widget-heading\" data-id=\"3fef631\" data-element_type=\"widget\" data-settings=\"{&quot;_animation&quot;:&quot;fadeInUp&quot;}\" data-widget_type=\"heading.default\">\n\t\t\t\t<div class=\"elementor-widget-container\">\n\t\t\t\t\t<h2 class=\"elementor-heading-title elementor-size-default\">100% dise\u00f1o<\/h2>\t\t\t\t<\/div>\n\t\t\t\t<\/div>\n\t\t\t\t<div class=\"elementor-element elementor-element-7dd63548 elementor-invisible elementor-widget elementor-widget-heading\" data-id=\"7dd63548\" data-element_type=\"widget\" data-settings=\"{&quot;_animation&quot;:&quot;fadeInUp&quot;,&quot;_animation_delay&quot;:200}\" data-widget_type=\"heading.default\">\n\t\t\t\t<div class=\"elementor-widget-container\">\n\t\t\t\t\t<h3 class=\"elementor-heading-title elementor-size-default\">Galer\u00eda de im\u00e1genes<\/h3>\t\t\t\t<\/div>\n\t\t\t\t<\/div>\n\t\t\t\t\t<\/div>\n\t\t<\/div>\n\t\t\t\t\t<\/div>\n\t\t<\/section>\n\t\t\t\t<div class=\"elementor-element elementor-element-11c76bd5 elementor-widget elementor-widget-gallery\" data-id=\"11c76bd5\" data-element_type=\"widget\" data-settings=\"{&quot;columns&quot;:5,&quot;lazyload&quot;:&quot;yes&quot;,&quot;gallery_layout&quot;:&quot;grid&quot;,&quot;columns_tablet&quot;:2,&quot;columns_mobile&quot;:1,&quot;gap&quot;:{&quot;unit&quot;:&quot;px&quot;,&quot;size&quot;:10,&quot;sizes&quot;:[]},&quot;gap_tablet&quot;:{&quot;unit&quot;:&quot;px&quot;,&quot;size&quot;:10,&quot;sizes&quot;:[]},&quot;gap_mobile&quot;:{&quot;unit&quot;:&quot;px&quot;,&quot;size&quot;:10,&quot;sizes&quot;:[]},&quot;link_to&quot;:&quot;file&quot;,&quot;aspect_ratio&quot;:&quot;3:2&quot;,&quot;overlay_background&quot;:&quot;yes&quot;,&quot;content_hover_animation&quot;:&quot;fade-in&quot;}\" data-widget_type=\"gallery.default\">\n\t\t\t\t<div class=\"elementor-widget-container\">\n\t\t\t\t\t\t\t<div class=\"elementor-gallery__container\">\n\t\t\t\t\t\t\t<a class=\"e-gallery-item elementor-gallery-item elementor-animated-content\" href=\"https:\/\/rotariaweb.net\/community\/wp-content\/uploads\/2025\/02\/1-1.jpg\" data-elementor-open-lightbox=\"yes\" data-elementor-lightbox-slideshow=\"11c76bd5\" data-elementor-lightbox-title=\"1\" data-e-action-hash=\"#elementor-action%3Aaction%3Dlightbox%26settings%3DeyJpZCI6ODM5LCJ1cmwiOiJodHRwczpcL1wvcm90YXJpYXdlYi5uZXRcL2NvbW11bml0eVwvd3AtY29udGVudFwvdXBsb2Fkc1wvMjAyNVwvMDJcLzEtMS5qcGciLCJzbGlkZXNob3ciOiIxMWM3NmJkNSJ9\">\n\t\t\t\t\t<div class=\"e-gallery-image elementor-gallery-item__image\" data-thumbnail=\"https:\/\/rotariaweb.net\/community\/wp-content\/uploads\/2025\/02\/1-1.jpg\" data-width=\"1920\" data-height=\"1080\" aria-label=\"\" role=\"img\" ><\/div>\n\t\t\t\t\t\t\t\t\t\t\t<div class=\"elementor-gallery-item__overlay\"><\/div>\n\t\t\t\t\t\t\t\t\t\t\t\t\t\t<\/a>\n\t\t\t\t\t\t\t<a class=\"e-gallery-item elementor-gallery-item elementor-animated-content\" href=\"https:\/\/rotariaweb.net\/community\/wp-content\/uploads\/2025\/02\/2-1.jpg\" data-elementor-open-lightbox=\"yes\" data-elementor-lightbox-slideshow=\"11c76bd5\" data-elementor-lightbox-title=\"2\" data-e-action-hash=\"#elementor-action%3Aaction%3Dlightbox%26settings%3DeyJpZCI6ODQwLCJ1cmwiOiJodHRwczpcL1wvcm90YXJpYXdlYi5uZXRcL2NvbW11bml0eVwvd3AtY29udGVudFwvdXBsb2Fkc1wvMjAyNVwvMDJcLzItMS5qcGciLCJzbGlkZXNob3ciOiIxMWM3NmJkNSJ9\">\n\t\t\t\t\t<div class=\"e-gallery-image elementor-gallery-item__image\" data-thumbnail=\"https:\/\/rotariaweb.net\/community\/wp-content\/uploads\/2025\/02\/2-1.jpg\" data-width=\"1920\" data-height=\"1080\" aria-label=\"\" role=\"img\" ><\/div>\n\t\t\t\t\t\t\t\t\t\t\t<div class=\"elementor-gallery-item__overlay\"><\/div>\n\t\t\t\t\t\t\t\t\t\t\t\t\t\t<\/a>\n\t\t\t\t\t\t\t<a class=\"e-gallery-item elementor-gallery-item elementor-animated-content\" href=\"https:\/\/rotariaweb.net\/community\/wp-content\/uploads\/2025\/02\/3-1.jpg\" data-elementor-open-lightbox=\"yes\" data-elementor-lightbox-slideshow=\"11c76bd5\" data-elementor-lightbox-title=\"3\" data-e-action-hash=\"#elementor-action%3Aaction%3Dlightbox%26settings%3DeyJpZCI6ODQxLCJ1cmwiOiJodHRwczpcL1wvcm90YXJpYXdlYi5uZXRcL2NvbW11bml0eVwvd3AtY29udGVudFwvdXBsb2Fkc1wvMjAyNVwvMDJcLzMtMS5qcGciLCJzbGlkZXNob3ciOiIxMWM3NmJkNSJ9\">\n\t\t\t\t\t<div class=\"e-gallery-image elementor-gallery-item__image\" data-thumbnail=\"https:\/\/rotariaweb.net\/community\/wp-content\/uploads\/2025\/02\/3-1.jpg\" data-width=\"1920\" data-height=\"1080\" aria-label=\"\" role=\"img\" ><\/div>\n\t\t\t\t\t\t\t\t\t\t\t<div class=\"elementor-gallery-item__overlay\"><\/div>\n\t\t\t\t\t\t\t\t\t\t\t\t\t\t<\/a>\n\t\t\t\t\t\t\t<a class=\"e-gallery-item elementor-gallery-item elementor-animated-content\" href=\"https:\/\/rotariaweb.net\/community\/wp-content\/uploads\/2025\/02\/4-1.jpg\" data-elementor-open-lightbox=\"yes\" data-elementor-lightbox-slideshow=\"11c76bd5\" data-elementor-lightbox-title=\"4\" data-e-action-hash=\"#elementor-action%3Aaction%3Dlightbox%26settings%3DeyJpZCI6ODQyLCJ1cmwiOiJodHRwczpcL1wvcm90YXJpYXdlYi5uZXRcL2NvbW11bml0eVwvd3AtY29udGVudFwvdXBsb2Fkc1wvMjAyNVwvMDJcLzQtMS5qcGciLCJzbGlkZXNob3ciOiIxMWM3NmJkNSJ9\">\n\t\t\t\t\t<div class=\"e-gallery-image elementor-gallery-item__image\" data-thumbnail=\"https:\/\/rotariaweb.net\/community\/wp-content\/uploads\/2025\/02\/4-1.jpg\" data-width=\"1920\" data-height=\"1080\" aria-label=\"\" role=\"img\" ><\/div>\n\t\t\t\t\t\t\t\t\t\t\t<div class=\"elementor-gallery-item__overlay\"><\/div>\n\t\t\t\t\t\t\t\t\t\t\t\t\t\t<\/a>\n\t\t\t\t\t\t\t<a class=\"e-gallery-item elementor-gallery-item elementor-animated-content\" href=\"https:\/\/rotariaweb.net\/community\/wp-content\/uploads\/2025\/02\/5-1.jpg\" data-elementor-open-lightbox=\"yes\" data-elementor-lightbox-slideshow=\"11c76bd5\" data-elementor-lightbox-title=\"5\" data-e-action-hash=\"#elementor-action%3Aaction%3Dlightbox%26settings%3DeyJpZCI6ODQzLCJ1cmwiOiJodHRwczpcL1wvcm90YXJpYXdlYi5uZXRcL2NvbW11bml0eVwvd3AtY29udGVudFwvdXBsb2Fkc1wvMjAyNVwvMDJcLzUtMS5qcGciLCJzbGlkZXNob3ciOiIxMWM3NmJkNSJ9\">\n\t\t\t\t\t<div class=\"e-gallery-image elementor-gallery-item__image\" data-thumbnail=\"https:\/\/rotariaweb.net\/community\/wp-content\/uploads\/2025\/02\/5-1.jpg\" data-width=\"1920\" data-height=\"1080\" aria-label=\"\" role=\"img\" ><\/div>\n\t\t\t\t\t\t\t\t\t\t\t<div class=\"elementor-gallery-item__overlay\"><\/div>\n\t\t\t\t\t\t\t\t\t\t\t\t\t\t<\/a>\n\t\t\t\t\t\t\t<a class=\"e-gallery-item elementor-gallery-item elementor-animated-content\" href=\"https:\/\/rotariaweb.net\/community\/wp-content\/uploads\/2025\/02\/6-1.jpg\" data-elementor-open-lightbox=\"yes\" data-elementor-lightbox-slideshow=\"11c76bd5\" data-elementor-lightbox-title=\"6\" data-e-action-hash=\"#elementor-action%3Aaction%3Dlightbox%26settings%3DeyJpZCI6ODQ0LCJ1cmwiOiJodHRwczpcL1wvcm90YXJpYXdlYi5uZXRcL2NvbW11bml0eVwvd3AtY29udGVudFwvdXBsb2Fkc1wvMjAyNVwvMDJcLzYtMS5qcGciLCJzbGlkZXNob3ciOiIxMWM3NmJkNSJ9\">\n\t\t\t\t\t<div class=\"e-gallery-image elementor-gallery-item__image\" data-thumbnail=\"https:\/\/rotariaweb.net\/community\/wp-content\/uploads\/2025\/02\/6-1.jpg\" data-width=\"1920\" data-height=\"1080\" aria-label=\"\" role=\"img\" ><\/div>\n\t\t\t\t\t\t\t\t\t\t\t<div class=\"elementor-gallery-item__overlay\"><\/div>\n\t\t\t\t\t\t\t\t\t\t\t\t\t\t<\/a>\n\t\t\t\t\t\t\t<a class=\"e-gallery-item elementor-gallery-item elementor-animated-content\" href=\"https:\/\/rotariaweb.net\/community\/wp-content\/uploads\/2025\/02\/7-1.jpg\" data-elementor-open-lightbox=\"yes\" data-elementor-lightbox-slideshow=\"11c76bd5\" data-elementor-lightbox-title=\"7\" data-e-action-hash=\"#elementor-action%3Aaction%3Dlightbox%26settings%3DeyJpZCI6ODQ1LCJ1cmwiOiJodHRwczpcL1wvcm90YXJpYXdlYi5uZXRcL2NvbW11bml0eVwvd3AtY29udGVudFwvdXBsb2Fkc1wvMjAyNVwvMDJcLzctMS5qcGciLCJzbGlkZXNob3ciOiIxMWM3NmJkNSJ9\">\n\t\t\t\t\t<div class=\"e-gallery-image elementor-gallery-item__image\" data-thumbnail=\"https:\/\/rotariaweb.net\/community\/wp-content\/uploads\/2025\/02\/7-1.jpg\" data-width=\"1308\" data-height=\"1080\" aria-label=\"\" role=\"img\" ><\/div>\n\t\t\t\t\t\t\t\t\t\t\t<div class=\"elementor-gallery-item__overlay\"><\/div>\n\t\t\t\t\t\t\t\t\t\t\t\t\t\t<\/a>\n\t\t\t\t\t\t\t<a class=\"e-gallery-item elementor-gallery-item elementor-animated-content\" href=\"https:\/\/rotariaweb.net\/community\/wp-content\/uploads\/2025\/02\/8-1.jpg\" data-elementor-open-lightbox=\"yes\" data-elementor-lightbox-slideshow=\"11c76bd5\" data-elementor-lightbox-title=\"8\" data-e-action-hash=\"#elementor-action%3Aaction%3Dlightbox%26settings%3DeyJpZCI6ODQ2LCJ1cmwiOiJodHRwczpcL1wvcm90YXJpYXdlYi5uZXRcL2NvbW11bml0eVwvd3AtY29udGVudFwvdXBsb2Fkc1wvMjAyNVwvMDJcLzgtMS5qcGciLCJzbGlkZXNob3ciOiIxMWM3NmJkNSJ9\">\n\t\t\t\t\t<div class=\"e-gallery-image elementor-gallery-item__image\" data-thumbnail=\"https:\/\/rotariaweb.net\/community\/wp-content\/uploads\/2025\/02\/8-1.jpg\" data-width=\"1920\" data-height=\"1080\" aria-label=\"\" role=\"img\" ><\/div>\n\t\t\t\t\t\t\t\t\t\t\t<div class=\"elementor-gallery-item__overlay\"><\/div>\n\t\t\t\t\t\t\t\t\t\t\t\t\t\t<\/a>\n\t\t\t\t\t\t\t<a class=\"e-gallery-item elementor-gallery-item elementor-animated-content\" href=\"https:\/\/rotariaweb.net\/community\/wp-content\/uploads\/2025\/02\/9-1.jpg\" data-elementor-open-lightbox=\"yes\" data-elementor-lightbox-slideshow=\"11c76bd5\" data-elementor-lightbox-title=\"9\" data-e-action-hash=\"#elementor-action%3Aaction%3Dlightbox%26settings%3DeyJpZCI6ODQ3LCJ1cmwiOiJodHRwczpcL1wvcm90YXJpYXdlYi5uZXRcL2NvbW11bml0eVwvd3AtY29udGVudFwvdXBsb2Fkc1wvMjAyNVwvMDJcLzktMS5qcGciLCJzbGlkZXNob3ciOiIxMWM3NmJkNSJ9\">\n\t\t\t\t\t<div class=\"e-gallery-image elementor-gallery-item__image\" data-thumbnail=\"https:\/\/rotariaweb.net\/community\/wp-content\/uploads\/2025\/02\/9-1.jpg\" data-width=\"1920\" data-height=\"1080\" aria-label=\"\" role=\"img\" ><\/div>\n\t\t\t\t\t\t\t\t\t\t\t<div class=\"elementor-gallery-item__overlay\"><\/div>\n\t\t\t\t\t\t\t\t\t\t\t\t\t\t<\/a>\n\t\t\t\t\t\t\t<a class=\"e-gallery-item elementor-gallery-item elementor-animated-content\" href=\"https:\/\/rotariaweb.net\/community\/wp-content\/uploads\/2025\/02\/10-1.jpg\" data-elementor-open-lightbox=\"yes\" data-elementor-lightbox-slideshow=\"11c76bd5\" data-elementor-lightbox-title=\"10\" data-e-action-hash=\"#elementor-action%3Aaction%3Dlightbox%26settings%3DeyJpZCI6ODQ4LCJ1cmwiOiJodHRwczpcL1wvcm90YXJpYXdlYi5uZXRcL2NvbW11bml0eVwvd3AtY29udGVudFwvdXBsb2Fkc1wvMjAyNVwvMDJcLzEwLTEuanBnIiwic2xpZGVzaG93IjoiMTFjNzZiZDUifQ%3D%3D\">\n\t\t\t\t\t<div class=\"e-gallery-image elementor-gallery-item__image\" data-thumbnail=\"https:\/\/rotariaweb.net\/community\/wp-content\/uploads\/2025\/02\/10-1.jpg\" data-width=\"3840\" data-height=\"2160\" aria-label=\"\" role=\"img\" ><\/div>\n\t\t\t\t\t\t\t\t\t\t\t<div class=\"elementor-gallery-item__overlay\"><\/div>\n\t\t\t\t\t\t\t\t\t\t\t\t\t\t<\/a>\n\t\t\t\t\t<\/div>\n\t\t\t\t\t<\/div>\n\t\t\t\t<\/div>\n\t\t\t\t<div class=\"elementor-element elementor-element-6d29d584 elementor-widget__width-initial elementor-absolute elementor-hidden-tablet elementor-hidden-mobile elementor-widget elementor-widget-image\" data-id=\"6d29d584\" data-element_type=\"widget\" data-settings=\"{&quot;_position&quot;:&quot;absolute&quot;}\" data-widget_type=\"image.default\">\n\t\t\t\t<div class=\"elementor-widget-container\">\n\t\t\t\t\t\t\t\t\t\t\t\t\t\t\t<img fetchpriority=\"high\" decoding=\"async\" width=\"449\" height=\"287\" src=\"https:\/\/rotariaweb.net\/community\/wp-content\/uploads\/2025\/02\/dot-smoke-1.png\" class=\"attachment-large size-large wp-image-58\" alt=\"\" \/>\t\t\t\t\t\t\t\t\t\t\t\t\t\t\t<\/div>\n\t\t\t\t<\/div>\n\t\t\t\t\t<\/div>\n\t\t<\/div>\n\t\t\t\t\t<\/div>\n\t\t<\/section>\n\t\t<div class=\"elementor-element elementor-element-4a757ccf e-flex e-con-boxed e-con e-parent\" data-id=\"4a757ccf\" data-element_type=\"container\">\n\t\t\t\t\t<div class=\"e-con-inner\">\n\t\t\t\t<div class=\"elementor-element elementor-element-473e163 elementor-widget elementor-widget-html\" data-id=\"473e163\" data-element_type=\"widget\" data-widget_type=\"html.default\">\n\t\t\t\t<div class=\"elementor-widget-container\">\n\t\t\t\t\t<iframe\n  width=\"300\"\n  height=\"500\"\n  src=\"https:\/\/my.matterport.com\/show\/?m=sKydqRc374k\">\n<\/iframe>\t\t\t\t<\/div>\n\t\t\t\t<\/div>\n\t\t\t\t\t<\/div>\n\t\t\t\t<\/div>\n\t\t\t\t<\/div>\n\t\t","protected":false},"excerpt":{"rendered":"<p>Ideal para: Estudiantes, pareas, inversores Tipo A \u2013 1 Dormitorio El Modelo A de 1 dormitorio es perfecto para quienes buscan un equilibrio entre espacio, privacidad y funcionalidad. Interior Comodidad y espacios bien distribuidos Con un dise\u00f1o m\u00e1s amplio que un monoambiente, este departamento cuenta con una c\u00f3moda cocina comedor, ideal para disfrutar de momentos [&hellip;]<\/p>\n","protected":false},"author":1,"featured_media":0,"parent":0,"menu_order":0,"comment_status":"closed","ping_status":"closed","template":"elementor_header_footer","meta":{"footnotes":""},"class_list":["post-97","page","type-page","status-publish","hentry"],"_links":{"self":[{"href":"https:\/\/rotariaweb.net\/community\/wp-json\/wp\/v2\/pages\/97","targetHints":{"allow":["GET"]}}],"collection":[{"href":"https:\/\/rotariaweb.net\/community\/wp-json\/wp\/v2\/pages"}],"about":[{"href":"https:\/\/rotariaweb.net\/community\/wp-json\/wp\/v2\/types\/page"}],"author":[{"embeddable":true,"href":"https:\/\/rotariaweb.net\/community\/wp-json\/wp\/v2\/users\/1"}],"replies":[{"embeddable":true,"href":"https:\/\/rotariaweb.net\/community\/wp-json\/wp\/v2\/comments?post=97"}],"version-history":[{"count":37,"href":"https:\/\/rotariaweb.net\/community\/wp-json\/wp\/v2\/pages\/97\/revisions"}],"predecessor-version":[{"id":1101,"href":"https:\/\/rotariaweb.net\/community\/wp-json\/wp\/v2\/pages\/97\/revisions\/1101"}],"wp:attachment":[{"href":"https:\/\/rotariaweb.net\/community\/wp-json\/wp\/v2\/media?parent=97"}],"curies":[{"name":"wp","href":"https:\/\/api.w.org\/{rel}","templated":true}]}}